{"id":2,"date":"2009-06-24T16:16:57","date_gmt":"2009-06-24T21:16:57","guid":{"rendered":""},"modified":"2017-11-26T14:10:28","modified_gmt":"2017-11-26T19:10:28","slug":"despre","status":"publish","type":"page","link":"https:\/\/intercer.net\/blogs\/biblia\/despre","title":{"rendered":"Despre"},"content":{"rendered":"<p><em><strong>Studiaz\u0103 Sfintele Scripturi \u00een lini\u015ftea casei.<\/strong><\/em><\/p>\n<p>Traducerea folosit\u0103 de noi con\u0163ine textul Bibliei Cornilescu, 1921. Termenii vechi (p\u00eene, c\u00eene etc.) au fost actualiza\u0163i cu termenii din limba rom\u00e2n\u0103 actual\u0103. (p\u00e2ine, c\u00e2ine etc.) Mul\u0163umim lui Miodrag Rechesan \u015fi colaboratorilor s\u0103i pentru pregatirea textului Bibliei \u00een limba rom\u00e2n\u0103, text care include corectura ortografic\u0103 \u015fi morfologic\u0103 a traducerii f\u0103cute de Dumitru Cornilescu in 1921.<\/p>\n<p>Prima versiune a Bibliei online de la Intercer a fost instalata la 1 Iulie 1998, scriptul fiind creat de Octavian Lupu in limbaj perl. Ulterior s-au folosit si alte versiuni, cea actuala folosind php+MySQL.<\/p>\n<p><em><strong>Biblia audio mp3<\/strong><\/em><\/p>\n<p>La fiecare c\u0103utare de text pute\u0163i asculta capitolul corespunz\u0103tor audio, \u00een format mp3. Fi\u015fierele de la Biblia audio mp3 sunt preg\u0103tite de Gaius Maximus, Rom\u00e2nia, iar lectura este realizat\u0103 de Alexandru Sorin Farc.<\/p>\n<p>Proiect pregatit pentru internet de <a title=\"Intercer - Resurse Crestine Romanesti Gratuite\" href=\"http:\/\/www.intercer.net\/\">Intercer<\/a>. Prima publicare a acestui proiect a fost realizata in data de 24 Decembrie 2006.<\/p>\n","protected":false},"excerpt":{"rendered":"<p>Studiaz\u0103 Sfintele Scripturi \u00een lini\u015ftea casei. Traducerea folosit\u0103 de noi con\u0163ine textul Bibliei Cornilescu, 1921. Termenii vechi (p\u00eene, c\u00eene etc.) au fost actualiza\u0163i cu termenii din limba rom\u00e2n\u0103 actual\u0103. (p\u00e2ine, c\u00e2ine etc.) Mul\u0163umim lui Miodrag Rechesan \u015fi colaboratorilor s\u0103i pentru pregatirea textului Bibliei \u00een limba rom\u00e2n\u0103, text care include corectura ortografic\u0103 \u015fi morfologic\u0103 a traducerii [&hellip;]<\/p>\n","protected":false},"author":2,"featured_media":0,"parent":0,"menu_order":98,"comment_status":"closed","ping_status":"closed","template":"","meta":{"_monsterinsights_skip_tracking":false,"_monsterinsights_sitenote_active":false,"_monsterinsights_sitenote_note":"","_monsterinsights_sitenote_category":0,"ngg_post_thumbnail":0,"footnotes":""},"class_list":["post-2","page","type-page","status-publish","hentry"],"_links":{"self":[{"href":"https:\/\/intercer.net\/blogs\/biblia\/wp-json\/wp\/v2\/pages\/2","targetHints":{"allow":["GET"]}}],"collection":[{"href":"https:\/\/intercer.net\/blogs\/biblia\/wp-json\/wp\/v2\/pages"}],"about":[{"href":"https:\/\/intercer.net\/blogs\/biblia\/wp-json\/wp\/v2\/types\/page"}],"author":[{"embeddable":true,"href":"https:\/\/intercer.net\/blogs\/biblia\/wp-json\/wp\/v2\/users\/2"}],"replies":[{"embeddable":true,"href":"https:\/\/intercer.net\/blogs\/biblia\/wp-json\/wp\/v2\/comments?post=2"}],"version-history":[{"count":1,"href":"https:\/\/intercer.net\/blogs\/biblia\/wp-json\/wp\/v2\/pages\/2\/revisions"}],"predecessor-version":[{"id":115,"href":"https:\/\/intercer.net\/blogs\/biblia\/wp-json\/wp\/v2\/pages\/2\/revisions\/115"}],"wp:attachment":[{"href":"https:\/\/intercer.net\/blogs\/biblia\/wp-json\/wp\/v2\/media?parent=2"}],"curies":[{"name":"wp","href":"https:\/\/api.w.org\/{rel}","templated":true}]}}