{"id":39,"date":"2009-08-23T12:47:48","date_gmt":"2009-08-23T17:47:48","guid":{"rendered":"http:\/\/intercer.net\/blogs\/biblia\/?page_id=39"},"modified":"2017-11-26T14:10:49","modified_gmt":"2017-11-26T19:10:49","slug":"audio","status":"publish","type":"page","link":"https:\/\/intercer.net\/blogs\/biblia\/audio","title":{"rendered":"Descarc\u0103 Biblia audio"},"content":{"rendered":"<p>Aici puteti descarca gratuit BIBLIA AUDIO IN FORMAT MP3.<\/p>\n<p>Fi\u015fierele audio au fost preg\u0103tite de Gaius Maximus Romania.<\/p>\n<p>Vorbitor: Alexandru Sorin Farc<\/p>\n<p>Proiect pregatit pentru internet de <a title=\"Intercer - Resurse Crestine Romanesti Gratuite\" href=\"http:\/\/www.intercer.net\">Intercer<\/a>.<\/p>\n<p>Prima publicare a acestui proiect a fost realizata in data de 24 Decembrie 2006.<\/p>\n<p>Mai jos puteti descarca Biblia audio mp3, cu fisierele grupate pe carti biblice. Aveti la dispozitie trei arhive cu toate cartile in format mp3, precum si posibilitatea de a descarca separat cartile biblice mp3.<\/p>\n<p>Daca doriti sa descarcati un capitol specific dintr-o carte a Biblie, <a title=\"Intercer - Biblia Online in Limba Romana\" href=\"http:\/\/www.intercer.net\/blogs\/biblia\" target=\"_self\">cautati capitolul in Biblia online<\/a> si apoi folositi link-ul [ Descarca mp3 ] din dreptul capitolului dorit.<\/p>\n<p><strong>Important: <\/strong>Puteti folosi aceste fisiere in alte proiecte cu conditia de a le distribui gratuit si de a specifica sursa acestora in felul urmator:<\/p>\n<p><em><strong>&#8222;Fi\u015fierele audio au fost preg\u0103tite de Gaius Maximus Romania. Vorbitor: Alexandru Sorin Farc. Proiect pregatit pentru internet de <a title=\"Intercer - Resurse Crestine Romanesti Gratuite\" href=\"http:\/\/www.intercer.net\">Intercer<\/a>.&#8221; (cu link catre http:\/\/www.intercer.net)<\/strong><\/em><\/p>\n<p>Puteti pune link-uri catre acest website, <a title=\"Cartile E.G.White Audio Online\" href=\"https:\/\/intercer.net\/blogs\/biblia\/\" target=\"_blank\" rel=\"noopener\">https:\/\/intercer.net\/blogs\/biblia\/<\/a>. <em><strong>Nu este permisa copierea continutului acestui site pe alte site-uri sau afisarea acestui website intr-un iframe pe alte site-uri.<\/strong><\/em><\/p>\n<p><strong>Instructiuni: <\/strong>Dati click dreapta pe numele fisierelor, apoi dati click stanga pe optiunea &#8222;Save link as&#8230;&#8221; pentru a salva fisierele pe computerul dvs.<\/p>\n<hr>\n<p><code>[emaillocker]<\/code>Sunt <strong>73 files<\/strong>, ocup\u0103 <strong>2,5 GiB<\/strong> cu <strong>1.031.248 acces\u0103ri<\/strong> \u00een <strong>total<\/strong>.<br\/>Afi\u015f\u0103m <strong>1<\/strong> la <strong>25<\/strong> din <strong>73<\/strong> fi\u015fiere.<h2 id=\"downloadcat-1\"><a href=\"?dl_cat=1\" title=\"View all downloads in Arhive .zip\">Arhive .zip<\/a><\/h2><p><img decoding=\"async\" src=\"http:\/\/intercer.net\/blogs\/biblia\/wp-content\/plugins\/wp-downloadmanager\/images\/ext\/zip.gif\" alt=\"\" title=\"\" style=\"vertical-align: middle;\" \/>&nbsp;&nbsp;<strong><a href=\"https:\/\/intercer.net\/blogs\/biblia\/download\/1\/\">Biblia audio .mp3 - [GENEZA - 2CRONICI]<\/a><\/strong> <small>&raquo; <strong>440,0 MiB<\/strong> - 93.590 desc\u0103rc\u0103ri<\/small><p><img decoding=\"async\" src=\"http:\/\/intercer.net\/blogs\/biblia\/wp-content\/plugins\/wp-downloadmanager\/images\/ext\/zip.gif\" alt=\"\" title=\"\" style=\"vertical-align: middle;\" \/>&nbsp;&nbsp;<strong><a href=\"https:\/\/intercer.net\/blogs\/biblia\/download\/2\/\">Biblia audio .mp3 - [EZRA - MALEAHI]<\/a><\/strong> <small>&raquo; <strong>181,9 MiB<\/strong> - 59.046 desc\u0103rc\u0103ri<\/small><p><img decoding=\"async\" src=\"http:\/\/intercer.net\/blogs\/biblia\/wp-content\/plugins\/wp-downloadmanager\/images\/ext\/zip.gif\" alt=\"\" title=\"\" style=\"vertical-align: middle;\" \/>&nbsp;&nbsp;<strong><a href=\"https:\/\/intercer.net\/blogs\/biblia\/download\/3\/\">Biblia audio .mp3 - [MATEI - APOCALIPSA]<\/a><\/strong> <small>&raquo; <strong>203,1 MiB<\/strong> - 82.592 desc\u0103rc\u0103ri<\/small><h2 id=\"downloadcat-2\"><a href=\"?dl_cat=2\" title=\"View all downloads in C\u0103r\u0163i .mp3\">C\u0103r\u0163i .mp3<\/a><\/h2><p><img decoding=\"async\" src=\"http:\/\/intercer.net\/blogs\/biblia\/wp-content\/plugins\/wp-downloadmanager\/images\/ext\/mp3.gif\" alt=\"\" title=\"\" style=\"vertical-align: middle;\" \/>&nbsp;&nbsp;<strong><a href=\"https:\/\/intercer.net\/blogs\/biblia\/download\/4\/\">01. Geneza<\/a><\/strong> <small>&raquo; <strong>80,7 MiB<\/strong> - 63.268 desc\u0103rc\u0103ri<\/small><p><img decoding=\"async\" src=\"http:\/\/intercer.net\/blogs\/biblia\/wp-content\/plugins\/wp-downloadmanager\/images\/ext\/mp3.gif\" alt=\"\" title=\"\" style=\"vertical-align: middle;\" \/>&nbsp;&nbsp;<strong><a href=\"https:\/\/intercer.net\/blogs\/biblia\/download\/5\/\">02. Exod<\/a><\/strong> <small>&raquo; <strong>64,4 MiB<\/strong> - 21.826 desc\u0103rc\u0103ri<\/small><p><img decoding=\"async\" src=\"http:\/\/intercer.net\/blogs\/biblia\/wp-content\/plugins\/wp-downloadmanager\/images\/ext\/mp3.gif\" alt=\"\" title=\"\" style=\"vertical-align: middle;\" \/>&nbsp;&nbsp;<strong><a href=\"https:\/\/intercer.net\/blogs\/biblia\/download\/6\/\">03. Leviticul<\/a><\/strong> <small>&raquo; <strong>47,1 MiB<\/strong> - 16.851 desc\u0103rc\u0103ri<\/small><p><img decoding=\"async\" src=\"http:\/\/intercer.net\/blogs\/biblia\/wp-content\/plugins\/wp-downloadmanager\/images\/ext\/mp3.gif\" alt=\"\" title=\"\" style=\"vertical-align: middle;\" \/>&nbsp;&nbsp;<strong><a href=\"https:\/\/intercer.net\/blogs\/biblia\/download\/7\/\">04. Numeri<\/a><\/strong> <small>&raquo; <strong>63,6 MiB<\/strong> - 15.651 desc\u0103rc\u0103ri<\/small><p><img decoding=\"async\" src=\"http:\/\/intercer.net\/blogs\/biblia\/wp-content\/plugins\/wp-downloadmanager\/images\/ext\/mp3.gif\" alt=\"\" title=\"\" style=\"vertical-align: middle;\" \/>&nbsp;&nbsp;<strong><a href=\"https:\/\/intercer.net\/blogs\/biblia\/download\/8\/\">05. Deuteronom<\/a><\/strong> <small>&raquo; <strong>54,2 MiB<\/strong> - 15.927 desc\u0103rc\u0103ri<\/small><p><img decoding=\"async\" src=\"http:\/\/intercer.net\/blogs\/biblia\/wp-content\/plugins\/wp-downloadmanager\/images\/ext\/mp3.gif\" alt=\"\" title=\"\" style=\"vertical-align: middle;\" \/>&nbsp;&nbsp;<strong><a href=\"https:\/\/intercer.net\/blogs\/biblia\/download\/9\/\">06. Iosua<\/a><\/strong> <small>&raquo; <strong>37,0 MiB<\/strong> - 14.247 desc\u0103rc\u0103ri<\/small><p><img decoding=\"async\" src=\"http:\/\/intercer.net\/blogs\/biblia\/wp-content\/plugins\/wp-downloadmanager\/images\/ext\/mp3.gif\" alt=\"\" title=\"\" style=\"vertical-align: middle;\" \/>&nbsp;&nbsp;<strong><a href=\"https:\/\/intercer.net\/blogs\/biblia\/download\/10\/\">07. Judec\u0103tori<\/a><\/strong> <small>&raquo; <strong>35,8 MiB<\/strong> - 15.627 desc\u0103rc\u0103ri<\/small><p><img decoding=\"async\" src=\"http:\/\/intercer.net\/blogs\/biblia\/wp-content\/plugins\/wp-downloadmanager\/images\/ext\/mp3.gif\" alt=\"\" title=\"\" style=\"vertical-align: middle;\" \/>&nbsp;&nbsp;<strong><a href=\"https:\/\/intercer.net\/blogs\/biblia\/download\/11\/\">08. Rut<\/a><\/strong> <small>&raquo; <strong>4,9 MiB<\/strong> - 13.295 desc\u0103rc\u0103ri<\/small><p><img decoding=\"async\" src=\"http:\/\/intercer.net\/blogs\/biblia\/wp-content\/plugins\/wp-downloadmanager\/images\/ext\/mp3.gif\" alt=\"\" title=\"\" style=\"vertical-align: middle;\" \/>&nbsp;&nbsp;<strong><a href=\"https:\/\/intercer.net\/blogs\/biblia\/download\/12\/\">09. 1 Samuel<\/a><\/strong> <small>&raquo; <strong>47,1 MiB<\/strong> - 14.800 desc\u0103rc\u0103ri<\/small><p><img decoding=\"async\" src=\"http:\/\/intercer.net\/blogs\/biblia\/wp-content\/plugins\/wp-downloadmanager\/images\/ext\/mp3.gif\" alt=\"\" title=\"\" style=\"vertical-align: middle;\" \/>&nbsp;&nbsp;<strong><a href=\"https:\/\/intercer.net\/blogs\/biblia\/download\/13\/\">10. 2 Samuel<\/a><\/strong> <small>&raquo; <strong>41,7 MiB<\/strong> - 12.277 desc\u0103rc\u0103ri<\/small><p><img decoding=\"async\" src=\"http:\/\/intercer.net\/blogs\/biblia\/wp-content\/plugins\/wp-downloadmanager\/images\/ext\/mp3.gif\" alt=\"\" title=\"\" style=\"vertical-align: middle;\" \/>&nbsp;&nbsp;<strong><a href=\"https:\/\/intercer.net\/blogs\/biblia\/download\/14\/\">11. 1 \u00cemp\u0103ra\u0163i<\/a><\/strong> <small>&raquo; <strong>45,7 MiB<\/strong> - 13.553 desc\u0103rc\u0103ri<\/small><p><img decoding=\"async\" src=\"http:\/\/intercer.net\/blogs\/biblia\/wp-content\/plugins\/wp-downloadmanager\/images\/ext\/mp3.gif\" alt=\"\" title=\"\" style=\"vertical-align: middle;\" \/>&nbsp;&nbsp;<strong><a href=\"https:\/\/intercer.net\/blogs\/biblia\/download\/15\/\">12. 2 \u00cemp\u0103ra\u0163i<\/a><\/strong> <small>&raquo; <strong>46,4 MiB<\/strong> - 12.359 desc\u0103rc\u0103ri<\/small><p><img decoding=\"async\" src=\"http:\/\/intercer.net\/blogs\/biblia\/wp-content\/plugins\/wp-downloadmanager\/images\/ext\/mp3.gif\" alt=\"\" title=\"\" style=\"vertical-align: middle;\" \/>&nbsp;&nbsp;<strong><a href=\"https:\/\/intercer.net\/blogs\/biblia\/download\/16\/\">13. 1 Cronici<\/a><\/strong> <small>&raquo; <strong>43,3 MiB<\/strong> - 10.758 desc\u0103rc\u0103ri<\/small><p><img decoding=\"async\" src=\"http:\/\/intercer.net\/blogs\/biblia\/wp-content\/plugins\/wp-downloadmanager\/images\/ext\/mp3.gif\" alt=\"\" title=\"\" style=\"vertical-align: middle;\" \/>&nbsp;&nbsp;<strong><a href=\"https:\/\/intercer.net\/blogs\/biblia\/download\/17\/\">14. 2 Cronici<\/a><\/strong> <small>&raquo; <strong>52,8 MiB<\/strong> - 10.552 desc\u0103rc\u0103ri<\/small><p><img decoding=\"async\" src=\"http:\/\/intercer.net\/blogs\/biblia\/wp-content\/plugins\/wp-downloadmanager\/images\/ext\/mp3.gif\" alt=\"\" title=\"\" style=\"vertical-align: middle;\" \/>&nbsp;&nbsp;<strong><a href=\"https:\/\/intercer.net\/blogs\/biblia\/download\/18\/\">15. Ezra<\/a><\/strong> <small>&raquo; <strong>14,6 MiB<\/strong> - 11.132 desc\u0103rc\u0103ri<\/small><p><img decoding=\"async\" src=\"http:\/\/intercer.net\/blogs\/biblia\/wp-content\/plugins\/wp-downloadmanager\/images\/ext\/mp3.gif\" alt=\"\" title=\"\" style=\"vertical-align: middle;\" \/>&nbsp;&nbsp;<strong><a href=\"https:\/\/intercer.net\/blogs\/biblia\/download\/19\/\">16. Neemia<\/a><\/strong> <small>&raquo; <strong>20,9 MiB<\/strong> - 10.333 desc\u0103rc\u0103ri<\/small><p><img decoding=\"async\" src=\"http:\/\/intercer.net\/blogs\/biblia\/wp-content\/plugins\/wp-downloadmanager\/images\/ext\/mp3.gif\" alt=\"\" title=\"\" style=\"vertical-align: middle;\" \/>&nbsp;&nbsp;<strong><a href=\"https:\/\/intercer.net\/blogs\/biblia\/download\/20\/\">17. Estera<\/a><\/strong> <small>&raquo; <strong>11,5 MiB<\/strong> - 11.394 desc\u0103rc\u0103ri<\/small><p><img decoding=\"async\" src=\"http:\/\/intercer.net\/blogs\/biblia\/wp-content\/plugins\/wp-downloadmanager\/images\/ext\/mp3.gif\" alt=\"\" title=\"\" style=\"vertical-align: middle;\" \/>&nbsp;&nbsp;<strong><a href=\"https:\/\/intercer.net\/blogs\/biblia\/download\/21\/\">18. Iov<\/a><\/strong> <small>&raquo; <strong>42,6 MiB<\/strong> - 13.731 desc\u0103rc\u0103ri<\/small><p><img decoding=\"async\" src=\"http:\/\/intercer.net\/blogs\/biblia\/wp-content\/plugins\/wp-downloadmanager\/images\/ext\/mp3.gif\" alt=\"\" title=\"\" style=\"vertical-align: middle;\" \/>&nbsp;&nbsp;<strong><a href=\"https:\/\/intercer.net\/blogs\/biblia\/download\/22\/\">19. Psalmi - cartea 1<\/a><\/strong> <small>&raquo; <strong>27,2 MiB<\/strong> - 25.497 desc\u0103rc\u0103ri<\/small><p><img decoding=\"async\" src=\"http:\/\/intercer.net\/blogs\/biblia\/wp-content\/plugins\/wp-downloadmanager\/images\/ext\/mp3.gif\" alt=\"\" title=\"\" style=\"vertical-align: middle;\" \/>&nbsp;&nbsp;<strong><a href=\"https:\/\/intercer.net\/blogs\/biblia\/download\/23\/\">19. Psalmi - cartea 2<\/a><\/strong> <small>&raquo; <strong>21,3 MiB<\/strong> - 14.651 desc\u0103rc\u0103ri<\/small><p><img decoding=\"async\" src=\"http:\/\/intercer.net\/blogs\/biblia\/wp-content\/plugins\/wp-downloadmanager\/images\/ext\/mp3.gif\" alt=\"\" title=\"\" style=\"vertical-align: middle;\" \/>&nbsp;&nbsp;<strong><a href=\"https:\/\/intercer.net\/blogs\/biblia\/download\/24\/\">19. Psalmi - cartea 3<\/a><\/strong> <small>&raquo; <strong>14,4 MiB<\/strong> - 13.305 desc\u0103rc\u0103ri<\/small><p><img decoding=\"async\" src=\"http:\/\/intercer.net\/blogs\/biblia\/wp-content\/plugins\/wp-downloadmanager\/images\/ext\/mp3.gif\" alt=\"\" title=\"\" style=\"vertical-align: middle;\" \/>&nbsp;&nbsp;<strong><a href=\"https:\/\/intercer.net\/blogs\/biblia\/download\/25\/\">19. Psalmi - cartea 4<\/a><\/strong> <small>&raquo; <strong>12,4 MiB<\/strong> - 14.510 desc\u0103rc\u0103ri<\/small><div class=\"wp-downloadmanager-paging\">\n<span class=\"pages\">&#8201;Page 1 of 3&#8201;<\/span><span class=\"current\">&#8201;1&#8201;<\/span><a href=\"\/blogs\/biblia\/wp-json\/wp\/v2\/pages\/39?dl_page=2\" title=\"2\">&#8201;2&#8201;<\/a><a href=\"\/blogs\/biblia\/wp-json\/wp\/v2\/pages\/39?dl_page=3\" title=\"3\">&#8201;3&#8201;<\/a><a href=\"\/blogs\/biblia\/wp-json\/wp\/v2\/pages\/39?dl_page=2\" title=\"&raquo;\">&#8201;&raquo;&#8201;<\/a><\/div><code>[\/emaillocker]<\/code><\/p>\n","protected":false},"excerpt":{"rendered":"<p>Aici puteti descarca gratuit BIBLIA AUDIO IN FORMAT MP3. Fi\u015fierele audio au fost preg\u0103tite de Gaius Maximus Romania. Vorbitor: Alexandru Sorin Farc Proiect pregatit pentru internet de Intercer. Prima publicare a acestui proiect a fost realizata in data de 24 Decembrie 2006. Mai jos puteti descarca Biblia audio mp3, cu fisierele grupate pe carti biblice. [&hellip;]<\/p>\n","protected":false},"author":5,"featured_media":0,"parent":0,"menu_order":97,"comment_status":"closed","ping_status":"closed","template":"","meta":{"_monsterinsights_skip_tracking":false,"_monsterinsights_sitenote_active":false,"_monsterinsights_sitenote_note":"","_monsterinsights_sitenote_category":0,"ngg_post_thumbnail":0,"footnotes":""},"class_list":["post-39","page","type-page","status-publish","hentry"],"_links":{"self":[{"href":"https:\/\/intercer.net\/blogs\/biblia\/wp-json\/wp\/v2\/pages\/39","targetHints":{"allow":["GET"]}}],"collection":[{"href":"https:\/\/intercer.net\/blogs\/biblia\/wp-json\/wp\/v2\/pages"}],"about":[{"href":"https:\/\/intercer.net\/blogs\/biblia\/wp-json\/wp\/v2\/types\/page"}],"author":[{"embeddable":true,"href":"https:\/\/intercer.net\/blogs\/biblia\/wp-json\/wp\/v2\/users\/5"}],"replies":[{"embeddable":true,"href":"https:\/\/intercer.net\/blogs\/biblia\/wp-json\/wp\/v2\/comments?post=39"}],"version-history":[{"count":11,"href":"https:\/\/intercer.net\/blogs\/biblia\/wp-json\/wp\/v2\/pages\/39\/revisions"}],"predecessor-version":[{"id":113,"href":"https:\/\/intercer.net\/blogs\/biblia\/wp-json\/wp\/v2\/pages\/39\/revisions\/113"}],"wp:attachment":[{"href":"https:\/\/intercer.net\/blogs\/biblia\/wp-json\/wp\/v2\/media?parent=39"}],"curies":[{"name":"wp","href":"https:\/\/api.w.org\/{rel}","templated":true}]}}