{"id":14,"date":"2009-07-23T01:18:26","date_gmt":"2009-07-23T06:18:26","guid":{"rendered":"http:\/\/intercer.net\/blogs\/caleacatrehristos\/?page_id=14"},"modified":"2019-01-09T03:20:51","modified_gmt":"2019-01-09T11:20:51","slug":"audio","status":"publish","type":"page","link":"https:\/\/intercer.net\/blogs\/caleacatrehristos\/audio","title":{"rendered":"Audio"},"content":{"rendered":"<p>Aici g\u0103si\u0163i o list\u0103 a fi\u015fierelor audio ce con\u0163in \u00eenregistrarea c\u0103r\u0163ii.<\/p>\n<p>Fisierele audio sunt pregatite de Gaius Maximus Romania. Asteptati cateva secunde pentru incarcarea fisierului.<\/p>\n<table style=\"width: 491px;\" border=\"0\">\n<tbody>\n<tr>\n<td align=\"left\" width=\"491px\">&nbsp;<\/td>\n<\/tr>\n<tr>\n<td align=\"left\">\n<h2>#01 &#8211; Iubirea de Dumnezeu<\/h2>\n<\/td>\n<\/tr>\n<tr>\n<td>[audio:https:\/\/intercer.net\/blogs\/caleacatrehristos\/wp-content\/blogs.dir\/4\/files\/sermons\/01.MP3]<\/td>\n<\/tr>\n<tr>\n<td align=\"left\">\n<h2>#02 &#8211; Nevoia de M\u00e2ntuitor<\/h2>\n<\/td>\n<\/tr>\n<tr>\n<td>[audio:https:\/\/intercer.net\/blogs\/caleacatrehristos\/wp-content\/blogs.dir\/4\/files\/sermons\/02.MP3]<\/td>\n<\/tr>\n<tr>\n<td align=\"left\">\n<h2>#03 &#8211; Poc\u0103in\u0163a<\/h2>\n<\/td>\n<\/tr>\n<tr>\n<td>[audio:https:\/\/intercer.net\/blogs\/caleacatrehristos\/wp-content\/blogs.dir\/4\/files\/sermons\/03.MP3]<\/td>\n<\/tr>\n<tr>\n<td align=\"left\">\n<h2>#04 &#8211; M\u0103rturisirea p\u0103catelor<\/h2>\n<\/td>\n<\/tr>\n<tr>\n<td>[audio:https:\/\/intercer.net\/blogs\/caleacatrehristos\/wp-content\/blogs.dir\/4\/files\/sermons\/04.MP3]<\/td>\n<\/tr>\n<tr>\n<td align=\"left\">\n<h2>#05 &#8211; Consacrarea<\/h2>\n<\/td>\n<\/tr>\n<tr>\n<td>[audio:https:\/\/intercer.net\/blogs\/caleacatrehristos\/wp-content\/blogs.dir\/4\/files\/sermons\/05.MP3]<\/td>\n<\/tr>\n<tr>\n<td align=\"left\">\n<h2>#06 &#8211; Credin\u0163a \u015fi primirea<\/h2>\n<\/td>\n<\/tr>\n<tr>\n<td>[audio:https:\/\/intercer.net\/blogs\/caleacatrehristos\/wp-content\/blogs.dir\/4\/files\/sermons\/06.MP3]<\/td>\n<\/tr>\n<tr>\n<td align=\"left\">\n<h2>#07 &#8211; Dovada adev\u0103ratei ucenicii<\/h2>\n<\/td>\n<\/tr>\n<tr>\n<td>[audio:https:\/\/intercer.net\/blogs\/caleacatrehristos\/wp-content\/blogs.dir\/4\/files\/sermons\/07.MP3]<\/td>\n<\/tr>\n<tr>\n<td align=\"left\">\n<h2>#08 &#8211; Cre\u015fterea \u00een Hristos<\/h2>\n<\/td>\n<\/tr>\n<tr>\n<td>[audio:https:\/\/intercer.net\/blogs\/caleacatrehristos\/wp-content\/blogs.dir\/4\/files\/sermons\/08.MP3]<\/td>\n<\/tr>\n<tr>\n<td align=\"left\">\n<h2>#09 &#8211; Via\u0163a \u015fi faptele<\/h2>\n<\/td>\n<\/tr>\n<tr>\n<td>[audio:https:\/\/intercer.net\/blogs\/caleacatrehristos\/wp-content\/blogs.dir\/4\/files\/sermons\/09.MP3]<\/td>\n<\/tr>\n<tr>\n<td align=\"left\">\n<h2>#10 &#8211; Cunoa\u015fterea de Dumnezeu<\/h2>\n<\/td>\n<\/tr>\n<tr>\n<td>[audio:https:\/\/intercer.net\/blogs\/caleacatrehristos\/wp-content\/blogs.dir\/4\/files\/sermons\/10.MP3]<\/td>\n<\/tr>\n<tr>\n<td align=\"left\">\n<h2>#11 &#8211; Rug\u0103ciunea<\/h2>\n<\/td>\n<\/tr>\n<tr>\n<td>[audio:https:\/\/intercer.net\/blogs\/caleacatrehristos\/wp-content\/blogs.dir\/4\/files\/sermons\/11.MP3]<\/td>\n<\/tr>\n<tr>\n<td align=\"left\">\n<h2>#12 &#8211; Ce s\u0103 facem cu \u00eendoiala?<\/h2>\n<\/td>\n<\/tr>\n<tr>\n<td>[audio:https:\/\/intercer.net\/blogs\/caleacatrehristos\/wp-content\/blogs.dir\/4\/files\/sermons\/12.MP3]<\/td>\n<\/tr>\n<tr>\n<td align=\"left\">\n<h2>#13 &#8211; Bucuria \u00een Domnul<\/h2>\n<\/td>\n<\/tr>\n<tr>\n<td>[audio:https:\/\/intercer.net\/blogs\/caleacatrehristos\/wp-content\/blogs.dir\/4\/files\/sermons\/13.MP3]<\/td>\n<\/tr>\n<\/tbody>\n<\/table>\n<p>&nbsp;<\/p>\n","protected":false},"excerpt":{"rendered":"<p>Aici g\u0103si\u0163i o list\u0103 a fi\u015fierelor audio ce con\u0163in \u00eenregistrarea c\u0103r\u0163ii. Fisierele audio sunt pregatite de Gaius Maximus Romania. Asteptati cateva secunde pentru incarcarea fisierului. &nbsp; #01 &#8211; Iubirea de Dumnezeu [audio:https:\/\/intercer.net\/blogs\/caleacatrehristos\/wp-content\/blogs.dir\/4\/files\/sermons\/01.MP3] #02 &#8211; Nevoia de M\u00e2ntuitor [audio:https:\/\/intercer.net\/blogs\/caleacatrehristos\/wp-content\/blogs.dir\/4\/files\/sermons\/02.MP3] #03 &#8211; Poc\u0103in\u0163a [audio:https:\/\/intercer.net\/blogs\/caleacatrehristos\/wp-content\/blogs.dir\/4\/files\/sermons\/03.MP3] #04 &#8211; M\u0103rturisirea p\u0103catelor [audio:https:\/\/intercer.net\/blogs\/caleacatrehristos\/wp-content\/blogs.dir\/4\/files\/sermons\/04.MP3] #05 &#8211; Consacrarea [audio:https:\/\/intercer.net\/blogs\/caleacatrehristos\/wp-content\/blogs.dir\/4\/files\/sermons\/05.MP3] #06 &#8211; Credin\u0163a \u015fi [&hellip;]<\/p>\n","protected":false},"author":5,"featured_media":0,"parent":0,"menu_order":2,"comment_status":"closed","ping_status":"closed","template":"","meta":{"_monsterinsights_skip_tracking":false,"_monsterinsights_sitenote_active":false,"_monsterinsights_sitenote_note":"","_monsterinsights_sitenote_category":0,"footnotes":""},"class_list":["post-14","page","type-page","status-publish","hentry"],"_links":{"self":[{"href":"https:\/\/intercer.net\/blogs\/caleacatrehristos\/wp-json\/wp\/v2\/pages\/14","targetHints":{"allow":["GET"]}}],"collection":[{"href":"https:\/\/intercer.net\/blogs\/caleacatrehristos\/wp-json\/wp\/v2\/pages"}],"about":[{"href":"https:\/\/intercer.net\/blogs\/caleacatrehristos\/wp-json\/wp\/v2\/types\/page"}],"author":[{"embeddable":true,"href":"https:\/\/intercer.net\/blogs\/caleacatrehristos\/wp-json\/wp\/v2\/users\/5"}],"replies":[{"embeddable":true,"href":"https:\/\/intercer.net\/blogs\/caleacatrehristos\/wp-json\/wp\/v2\/comments?post=14"}],"version-history":[{"count":4,"href":"https:\/\/intercer.net\/blogs\/caleacatrehristos\/wp-json\/wp\/v2\/pages\/14\/revisions"}],"predecessor-version":[{"id":326,"href":"https:\/\/intercer.net\/blogs\/caleacatrehristos\/wp-json\/wp\/v2\/pages\/14\/revisions\/326"}],"wp:attachment":[{"href":"https:\/\/intercer.net\/blogs\/caleacatrehristos\/wp-json\/wp\/v2\/media?parent=14"}],"curies":[{"name":"wp","href":"https:\/\/api.w.org\/{rel}","templated":true}]}}