{"id":70,"date":"2009-07-26T08:17:08","date_gmt":"2009-07-26T13:17:08","guid":{"rendered":"http:\/\/intercer.net\/blogs\/caleacatrehristos\/?page_id=70"},"modified":"2011-07-08T07:53:29","modified_gmt":"2011-07-08T14:53:29","slug":"bine-ai-venit","status":"publish","type":"page","link":"https:\/\/intercer.net\/blogs\/caleacatrehristos\/","title":{"rendered":"Bine ai venit"},"content":{"rendered":"<p>Bine ai venit.<\/p>\n<p>Ne-am g\u00e2ndit s\u0103-\u0163i oferim o capodoper\u0103. Acest site este o carte.<br \/>\nE\u015fti liber s\u0103 lecturezi, s\u0103 meditezi \u015fi s\u0103 la\u015fi inima ta prins\u0103 \u00een joc.<\/p>\n<p>Te felicit\u0103m pentru alegerea f\u0103cut\u0103 \u015fi a\u015ftept\u0103m s\u0103 revii, pentru o nou\u0103 experien\u0163\u0103.<\/p>\n<p><a title=\"Click aici ca sa citesti cartea Calea Catre Hristos\" href=\"https:\/\/intercer.net\/blogs\/caleacatrehristos\/cartea\" target=\"_self\"><img loading=\"lazy\" decoding=\"async\" class=\"size-full wp-image-173 \" src=\"https:\/\/intercer.net\/blogs\/caleacatrehristos\/files\/2009\/07\/banner1.jpg\" alt=\"banner\" width=\"420\" height=\"228\" srcset=\"https:\/\/intercer.net\/blogs\/caleacatrehristos\/files\/2009\/07\/banner1.jpg 420w, https:\/\/intercer.net\/blogs\/caleacatrehristos\/files\/2009\/07\/banner1-300x162.jpg 300w\" sizes=\"auto, (max-width: 420px) 100vw, 420px\" \/><\/a><\/p>\n<p><a title=\"Click aici ca sa citesti cartea Calea Catre Hristos\" href=\"https:\/\/intercer.net\/blogs\/caleacatrehristos\/cartea\" target=\"_self\">Click aici ca sa citesti &#8222;Calea catre Hristos&#8221;<\/a><\/p>\n<p><a title=\"Click aici ca sa asculti Calea Catre Hristos\" href=\"https:\/\/intercer.net\/blogs\/caleacatrehristos\/audio\" target=\"_self\">Click aici ca sa asculti &#8222;Calea catre Hristos&#8221;<\/a><\/p>\n","protected":false},"excerpt":{"rendered":"<p>Bine ai venit. Ne-am g\u00e2ndit s\u0103-\u0163i oferim o capodoper\u0103. Acest site este o carte. E\u015fti liber s\u0103 lecturezi, s\u0103 meditezi \u015fi s\u0103 la\u015fi inima ta prins\u0103 \u00een joc. Te felicit\u0103m pentru alegerea f\u0103cut\u0103 \u015fi a\u015ftept\u0103m s\u0103 revii, pentru o nou\u0103 experien\u0163\u0103. Click aici ca sa citesti &#8222;Calea catre Hristos&#8221; Click aici ca sa asculti &#8222;Calea [&hellip;]<\/p>\n","protected":false},"author":5,"featured_media":0,"parent":0,"menu_order":0,"comment_status":"closed","ping_status":"closed","template":"","meta":{"_monsterinsights_skip_tracking":false,"_monsterinsights_sitenote_active":false,"_monsterinsights_sitenote_note":"","_monsterinsights_sitenote_category":0,"footnotes":""},"class_list":["post-70","page","type-page","status-publish","hentry"],"_links":{"self":[{"href":"https:\/\/intercer.net\/blogs\/caleacatrehristos\/wp-json\/wp\/v2\/pages\/70","targetHints":{"allow":["GET"]}}],"collection":[{"href":"https:\/\/intercer.net\/blogs\/caleacatrehristos\/wp-json\/wp\/v2\/pages"}],"about":[{"href":"https:\/\/intercer.net\/blogs\/caleacatrehristos\/wp-json\/wp\/v2\/types\/page"}],"author":[{"embeddable":true,"href":"https:\/\/intercer.net\/blogs\/caleacatrehristos\/wp-json\/wp\/v2\/users\/5"}],"replies":[{"embeddable":true,"href":"https:\/\/intercer.net\/blogs\/caleacatrehristos\/wp-json\/wp\/v2\/comments?post=70"}],"version-history":[{"count":0,"href":"https:\/\/intercer.net\/blogs\/caleacatrehristos\/wp-json\/wp\/v2\/pages\/70\/revisions"}],"wp:attachment":[{"href":"https:\/\/intercer.net\/blogs\/caleacatrehristos\/wp-json\/wp\/v2\/media?parent=70"}],"curies":[{"name":"wp","href":"https:\/\/api.w.org\/{rel}","templated":true}]}}