{"id":190,"date":"2011-03-09T12:42:08","date_gmt":"2011-03-09T20:42:08","guid":{"rendered":"http:\/\/intercer.net\/blogs\/egwhiteaudio\/?page_id=190"},"modified":"2017-11-05T18:18:58","modified_gmt":"2017-11-06T02:18:58","slug":"cugetari-de-pe-muntele-fericirilor","status":"publish","type":"page","link":"https:\/\/intercer.net\/blogs\/egwhiteaudio\/asculta\/cugetari-de-pe-muntele-fericirilor","title":{"rendered":"Cugetari de pe muntele fericirilor"},"content":{"rendered":"<p>&nbsp;<\/p>\n<p><a href=\"https:\/\/intercer.net\/blogs\/egwhiteaudio\/files\/2009\/11\/CMF-mini.jpg\"><img loading=\"lazy\" decoding=\"async\" class=\"alignleft size-full wp-image-274\" src=\"https:\/\/intercer.net\/blogs\/egwhiteaudio\/files\/2009\/11\/CMF-mini.jpg\" alt=\"\" width=\"200\" height=\"300\"><\/a><\/p>\n<p>&nbsp;<\/p>\n<p>&nbsp;<\/p>\n<p>&nbsp;<\/p>\n<p>&nbsp;<\/p>\n<p style=\"text-align: center;\"><span style=\"text-decoration: underline;\">Cartea: <strong>CUGET\u0102RI DE PE MUNTELE FERICIRILOR<\/strong><\/span><\/p>\n<p style=\"text-align: center;\">Narator:<strong> Lumini\u0163a Simion<br \/>\n<\/strong>Producator: Gaius Maximus &amp;<br \/>\nAsocia\u0163ia Cre\u015ftinilor Nev\u0103z\u0103tori Pro-Lumina<br \/>\n2001 &#8211; 2002<\/p>\n<p style=\"text-align: center;\">Ascultati gratuit continutul acestei carti mai jos.&nbsp;<\/p>\n<p>[sociallocker]<\/p>\n<table style=\"width: 601px;\" border=\"0\">\n<tbody>\n<tr>\n<td align=\"left\" width=\"491px\">&nbsp;<\/td>\n<td><img decoding=\"async\" src=\"https:\/\/intercer.net\/images\/clear.gif\" alt=\"\" width=\"10px\" height=\"1\" border=\"0\"><\/td>\n<td align=\"right\" width=\"-100px\">&nbsp;<\/td>\n<\/tr>\n<tr>\n<td align=\"left\">Prefata<\/td>\n<td>[audio:https:\/\/media2.intercer.net\/gaius\/carti\/gaius_EGW-CMF%200%20-%20Prefata.mp3]<\/td>\n<\/tr>\n<tr>\n<td align=\"left\">1.Pe coasta muntelui<\/td>\n<td>[audio:https:\/\/media2.intercer.net\/gaius\/carti\/gaius_EGW-CMF%201%20-%20Pe coasta muntelui.MP3]<\/td>\n<\/tr>\n<tr>\n<td align=\"left\">2.Fericirile<\/td>\n<td>[audio:https:\/\/media2.intercer.net\/gaius\/carti\/gaius_EGW-CMF%202%20-%20Fericirile.mp3]<\/td>\n<\/tr>\n<tr>\n<td align=\"left\">3.Spiritualitatea legii<\/td>\n<td>[audio:https:\/\/media2.intercer.net\/gaius\/carti\/gaius_EGW-CMF%203%20-%20Spiritualitatea%20legii.mp3]<\/td>\n<\/tr>\n<tr>\n<td align=\"left\">4.Adevaratul motiv in slujire<\/td>\n<td>[audio:https:\/\/media2.intercer.net\/gaius\/carti\/gaius_EGW-CMF%204%20-%20Adevaratul%20motiv%20in%20slujire.mp3]<\/td>\n<\/tr>\n<tr>\n<td align=\"left\">5.Rugaciunea Domnului<\/td>\n<td>[audio:https:\/\/media2.intercer.net\/gaius\/carti\/gaius_EGW-CMF%205%20-%20Rugaciunea%20Domnului.mp3]<\/td>\n<\/tr>\n<tr>\n<td align=\"left\">6.Nu judecand ci lucrand<\/td>\n<td>[audio:https:\/\/media2.intercer.net\/gaius\/carti\/gaius_EGW-CMF%206%20-%20Nu%20judecand%20ci%20lucrand.mp3]<\/td>\n<\/tr>\n<\/tbody>\n<\/table>\n<p>_________________________________________________________________________<\/p>\n<p><strong>Descarca aceasta carte<\/strong> in format MP3:&nbsp;<a href=\"https:\/\/intercer.net\/blogs\/egwhiteaudio\/download\/27\/\" target=\"_blank\" rel=\"noopener\">56kbs<\/a>. &nbsp;sau&nbsp;&nbsp;<a href=\"https:\/\/intercer.net\/blogs\/egwhiteaudio\/download\/1\/\" target=\"_blank\" rel=\"noopener\">vbrHQ<\/a>.&nbsp;[\/sociallocker]<\/p>\n","protected":false},"excerpt":{"rendered":"<p>&nbsp; &nbsp; &nbsp; &nbsp; &nbsp; Cartea: CUGET\u0102RI DE PE MUNTELE FERICIRILOR Narator: Lumini\u0163a Simion Producator: Gaius Maximus &amp; Asocia\u0163ia Cre\u015ftinilor Nev\u0103z\u0103tori Pro-Lumina 2001 &#8211; 2002 Ascultati gratuit continutul acestei carti mai jos.&nbsp; [sociallocker] &nbsp; &nbsp; Prefata [audio:https:\/\/media2.intercer.net\/gaius\/carti\/gaius_EGW-CMF%200%20-%20Prefata.mp3] 1.Pe coasta muntelui [audio:https:\/\/media2.intercer.net\/gaius\/carti\/gaius_EGW-CMF%201%20-%20Pe coasta muntelui.MP3] 2.Fericirile [audio:https:\/\/media2.intercer.net\/gaius\/carti\/gaius_EGW-CMF%202%20-%20Fericirile.mp3] 3.Spiritualitatea legii [audio:https:\/\/media2.intercer.net\/gaius\/carti\/gaius_EGW-CMF%203%20-%20Spiritualitatea%20legii.mp3] 4.Adevaratul motiv in slujire [audio:https:\/\/media2.intercer.net\/gaius\/carti\/gaius_EGW-CMF%204%20-%20Adevaratul%20motiv%20in%20slujire.mp3] 5.Rugaciunea Domnului [&hellip;]<\/p>\n","protected":false},"author":2,"featured_media":0,"parent":8,"menu_order":0,"comment_status":"closed","ping_status":"closed","template":"","meta":{"_monsterinsights_skip_tracking":false,"_monsterinsights_sitenote_active":false,"_monsterinsights_sitenote_note":"","_monsterinsights_sitenote_category":0,"footnotes":""},"class_list":["post-190","page","type-page","status-publish","hentry"],"_links":{"self":[{"href":"https:\/\/intercer.net\/blogs\/egwhiteaudio\/wp-json\/wp\/v2\/pages\/190","targetHints":{"allow":["GET"]}}],"collection":[{"href":"https:\/\/intercer.net\/blogs\/egwhiteaudio\/wp-json\/wp\/v2\/pages"}],"about":[{"href":"https:\/\/intercer.net\/blogs\/egwhiteaudio\/wp-json\/wp\/v2\/types\/page"}],"author":[{"embeddable":true,"href":"https:\/\/intercer.net\/blogs\/egwhiteaudio\/wp-json\/wp\/v2\/users\/2"}],"replies":[{"embeddable":true,"href":"https:\/\/intercer.net\/blogs\/egwhiteaudio\/wp-json\/wp\/v2\/comments?post=190"}],"version-history":[{"count":5,"href":"https:\/\/intercer.net\/blogs\/egwhiteaudio\/wp-json\/wp\/v2\/pages\/190\/revisions"}],"predecessor-version":[{"id":359,"href":"https:\/\/intercer.net\/blogs\/egwhiteaudio\/wp-json\/wp\/v2\/pages\/190\/revisions\/359"}],"up":[{"embeddable":true,"href":"https:\/\/intercer.net\/blogs\/egwhiteaudio\/wp-json\/wp\/v2\/pages\/8"}],"wp:attachment":[{"href":"https:\/\/intercer.net\/blogs\/egwhiteaudio\/wp-json\/wp\/v2\/media?parent=190"}],"curies":[{"name":"wp","href":"https:\/\/api.w.org\/{rel}","templated":true}]}}