{"id":2,"date":"2009-10-15T11:54:09","date_gmt":"2009-10-15T16:54:09","guid":{"rendered":""},"modified":"2009-11-01T04:41:06","modified_gmt":"2009-11-01T09:41:06","slug":"despre","status":"publish","type":"page","link":"https:\/\/intercer.net\/blogs\/egwhiteaudio\/despre","title":{"rendered":"Despre"},"content":{"rendered":"<div id=\"attachment_12\" style=\"width: 210px\" class=\"wp-caption alignleft\"><img loading=\"lazy\" decoding=\"async\" aria-describedby=\"caption-attachment-12\" class=\"size-full wp-image-12\" style=\"margin-right: 5px\" src=\"https:\/\/intercer.net\/blogs\/egwhiteaudio\/files\/2009\/10\/egw.png\" alt=\"egw\" width=\"200\" height=\"155\" \/><p id=\"caption-attachment-12\" class=\"wp-caption-text\">Despre Ellen G. White<\/p><\/div>\n<p>Cine a fost Ellen White \u015fi care este motivul pentru care milioane de oameni consider\u0103 scrierile ei ca av\u00e2nd o valoare \u015fi importan\u0163\u0103 deosebit\u0103 ?<\/p>\n<p>Pe scurt, este vorba de o femeie cu daruri spirituale remarcabile, care a tr\u0103it \u00een secolul al nou\u0103sprezecelea cea mai mare parte din via\u0163\u0103 (1827-1915), dar prin scrierile \u015fi activitatea sa public\u0103 a avut un impact revolu\u0163ionar asupra a milioane de oameni tr\u0103ind pe tot cuprinsul globului \u00een secolul al dou\u0103zecilea.<\/p>\n<p>\u00cen timpul vie\u0163ii sale a scris mai mult de 5000 de articole \u015fi 49 de c\u0103r\u0163i ; ast\u0103zi, incluz\u00e2nd compila\u0163ii din 55000 de pagini de manuscris, mai mult de 100 de titluri sunt disponibile \u00een limba englez\u0103. Ellen White este femeia-scriitor cea mai tradus\u0103 din toat\u0103 istoria literaturii, \u015fi cel mai tradus autor american de ambele sexe. Opera ei acoper\u0103 o arie vast\u0103 de subiecte, incluz\u00e2nd religie, educa\u0163ie, s\u0103n\u0103tate, rela\u0163ii sociale, evanghelizare, profe\u0163ii, publicistic\u0103, nutri\u0163ie \u015fi management. Capodopera sa cu puternic impact \u00een domeniul tr\u0103irii cre\u015ftine de succes \u015fi care efectiv a schimbat oameni, Calea c\u0103tre Hristos , a fost publicat\u0103 \u00een mai mult de 135 de limbi.<\/p>\n","protected":false},"excerpt":{"rendered":"<p>Cine a fost Ellen White \u015fi care este motivul pentru care milioane de oameni consider\u0103 scrierile ei ca av\u00e2nd o valoare \u015fi importan\u0163\u0103 deosebit\u0103 ? Pe scurt, este vorba de o femeie cu daruri spirituale remarcabile, care a tr\u0103it \u00een secolul al nou\u0103sprezecelea cea mai mare parte din via\u0163\u0103 (1827-1915), dar prin scrierile \u015fi activitatea [&hellip;]<\/p>\n","protected":false},"author":2,"featured_media":0,"parent":0,"menu_order":0,"comment_status":"closed","ping_status":"closed","template":"","meta":{"_monsterinsights_skip_tracking":false,"_monsterinsights_sitenote_active":false,"_monsterinsights_sitenote_note":"","_monsterinsights_sitenote_category":0,"footnotes":""},"class_list":["post-2","page","type-page","status-publish","hentry"],"_links":{"self":[{"href":"https:\/\/intercer.net\/blogs\/egwhiteaudio\/wp-json\/wp\/v2\/pages\/2","targetHints":{"allow":["GET"]}}],"collection":[{"href":"https:\/\/intercer.net\/blogs\/egwhiteaudio\/wp-json\/wp\/v2\/pages"}],"about":[{"href":"https:\/\/intercer.net\/blogs\/egwhiteaudio\/wp-json\/wp\/v2\/types\/page"}],"author":[{"embeddable":true,"href":"https:\/\/intercer.net\/blogs\/egwhiteaudio\/wp-json\/wp\/v2\/users\/2"}],"replies":[{"embeddable":true,"href":"https:\/\/intercer.net\/blogs\/egwhiteaudio\/wp-json\/wp\/v2\/comments?post=2"}],"version-history":[{"count":0,"href":"https:\/\/intercer.net\/blogs\/egwhiteaudio\/wp-json\/wp\/v2\/pages\/2\/revisions"}],"wp:attachment":[{"href":"https:\/\/intercer.net\/blogs\/egwhiteaudio\/wp-json\/wp\/v2\/media?parent=2"}],"curies":[{"name":"wp","href":"https:\/\/api.w.org\/{rel}","templated":true}]}}