{"id":8,"date":"2009-11-01T04:30:19","date_gmt":"2009-11-01T09:30:19","guid":{"rendered":"http:\/\/intercer.net\/blogs\/egwhiteaudio\/?page_id=8"},"modified":"2011-06-30T12:12:34","modified_gmt":"2011-06-30T19:12:34","slug":"asculta","status":"publish","type":"page","link":"https:\/\/intercer.net\/blogs\/egwhiteaudio\/","title":{"rendered":"Ascult\u0103"},"content":{"rendered":"<p>Aici pute\u0163i asculta fi\u015fierele audio corespunz\u0103toare unora dintre c\u0103r\u0163ile scrise de Ellen G. White.<\/p>\n<p>Fi\u015fierele audio sunt preg\u0103tite de Gaius Maximus Rom\u00e2nia. Proiect de internet realizat de Intercer <a title=\"Intercer Romania - Resurse Crestine Romanesti Gratuite\" href=\"http:\/\/www.intercer.net\" target=\"_blank\">www.intercer.net<\/a><\/p>\n<p>Car\u0163ile respective pot fi procurate de la <a title=\"Editura Viata si Sanatate, Bucuresti\" href=\"http:\/\/www.viatasisanatate.ro\" target=\"_blank\">Editura &#8222;Via\u0163\u0103 \u015fi S\u0103n\u0103tate&#8221;<\/a>, Bucure\u015fti.<\/p>\n<p><strong>Important: <\/strong>Puteti pune link-uri catre acest website, <a title=\"Cartile E.G.White Audio Online\" href=\"https:\/\/intercer.net\/blogs\/egwhiteaudio\/\" target=\"_blank\">https:\/\/intercer.net\/blogs\/egwhiteaudio\/<\/a>. <em><strong>Nu este permisa copierea continutului acestui site pe alte site-uri .<\/strong><\/em><\/p>\n<p><em><strong> <\/strong><\/em><\/p>\n<p><em><strong> <\/strong><\/em><\/p>\n<table style=\"width: 601px\" border=\"0\" cellspacing=\"2\" cellpadding=\"2\">\n<tbody>\n<tr>\n<td valign=\"top\"><img loading=\"lazy\" decoding=\"async\" class=\"size-thumbnail wp-image-226 alignleft\" src=\"https:\/\/intercer.net\/blogs\/egwhiteaudio\/files\/2009\/11\/AI-MINIcover-150x150.jpg\" alt=\"\" width=\"99\" height=\"99\" \/><\/td>\n<td valign=\"top\"><img loading=\"lazy\" decoding=\"async\" class=\"alignleft size-full wp-image-95\" src=\"https:\/\/intercer.net\/blogs\/egwhiteaudio\/files\/2009\/11\/3.jpg\" alt=\"3\" width=\"7\" height=\"100\" \/><\/td>\n<td valign=\"top\"><span style=\"font-size: medium\"><strong><a href=\"https:\/\/intercer.net\/blogs\/egwhiteaudio\/asculta\/adevarul-despre-ingeri\">ADEV\u0102RUL DESPRE \u00ceNGERI<br \/>\n<\/a><\/strong><\/span> <span style=\"line-height: 13px\">Aceast\u0103 carte d\u0103 la o parte v\u0103lul dintre lumea v\u0103zut\u0103 \u015fi cea nev\u0103zut\u0103. Ea descoper\u0103 implicarea \u00eengerilor \u00een evenimentele pe care istoricii seculari le-au raportat, dar nu le-au putut explica \u015fi \u00eei d\u0103 cititorului sim\u0163\u0103m\u00e2ntul c\u0103 este martor ocular al acestor evenimente. O experien\u0163\u0103 \u00eentr-adev\u0103r extraordinara!<\/span><\/td>\n<\/tr>\n<tr>\n<td valign=\"top\"><a href=\"https:\/\/intercer.net\/blogs\/egwhiteaudio\/files\/2009\/11\/CCH-miniCover.jpg\"><img loading=\"lazy\" decoding=\"async\" class=\"alignleft size-thumbnail wp-image-241\" src=\"https:\/\/intercer.net\/blogs\/egwhiteaudio\/files\/2009\/11\/CCH-miniCover-e1305133727587-150x150.jpg\" alt=\"\" width=\"100\" height=\"100\" \/><\/a><\/td>\n<td valign=\"top\"><img loading=\"lazy\" decoding=\"async\" class=\"alignleft size-full wp-image-93\" src=\"https:\/\/intercer.net\/blogs\/egwhiteaudio\/files\/2009\/11\/1.jpg\" alt=\"1\" width=\"7\" height=\"100\" \/><\/td>\n<td valign=\"top\"><span style=\"font-size: medium\"><span style=\"color: #d01f26\"><strong><a href=\"https:\/\/intercer.net\/blogs\/egwhiteaudio\/asculta\/calea-catre-hristos\">CALEA C\u0102TRE HRISTOS<br \/>\n<\/a><\/strong><\/span><\/span><span style=\"line-height: 13px\">Este cea mai cunoscut\u0103 dintre toate aceste c\u0103r\u0163i.Misiunea ei este s\u0103-i ajute pe cei ce-L caut\u0103 pe Hristos. \u00cen cuprins, suntem condu\u015fi pas cu pas, de la stadiul omului ce descoper\u0103 pentru prima dat\u0103, cu uimire, c\u0103 Dumnezeu exist\u0103, p\u00e2n\u0103 la stadiul celui ce tr\u0103ie\u015fte plin\u0103tatea vie\u0163uirii al\u0103turi de El. Ascult\u00e2nd-o pute\u0163i ob\u0163ine aceea\u015fi experien\u0163\u0103 sau v\u0103 pute\u0163i verifica experien\u0163a cre\u015ftin\u0103 acumulat\u0103 p\u00e2n\u0103 \u00een prezent.<\/span><a href=\"https:\/\/intercer.net\/blogs\/egwhiteaudio\/asculta\/calea-catre-hristos\"><\/a><\/td>\n<\/tr>\n<tr>\n<td valign=\"top\"><a href=\"https:\/\/intercer.net\/blogs\/egwhiteaudio\/files\/2009\/11\/CMF-mini.jpg\"><img loading=\"lazy\" decoding=\"async\" class=\"alignleft size-thumbnail wp-image-274\" src=\"https:\/\/intercer.net\/blogs\/egwhiteaudio\/files\/2009\/11\/CMF-mini-e1305132525435-150x150.jpg\" alt=\"\" width=\"99\" height=\"99\" \/><\/a><\/td>\n<td valign=\"top\"><img loading=\"lazy\" decoding=\"async\" class=\"alignleft\" src=\"https:\/\/intercer.net\/blogs\/egwhiteaudio\/files\/2009\/11\/2.jpg\" alt=\"2\" width=\"7\" height=\"100\" \/><\/td>\n<td valign=\"top\"><span style=\"font-size: medium\"><span style=\"color: #d01f26\"><strong><a href=\"https:\/\/intercer.net\/blogs\/egwhiteaudio\/asculta\/cugetari-de-pe-muntele-fericirilor\">CUGET\u0102RI DE PE MUNTELE FERICIRILOR<br \/>\n<\/a><\/strong><\/span><\/span><span style=\"line-height: 13px\">Cartea cuprinde o str\u0103luicit\u0103 sintez\u0103 a \u00eenv\u0103\u0163\u0103turilor Domnului Hristos care au fost exprimate fidel \u00een via\u0163a Lui \u015fi constituie o minunat\u0103 surs\u0103 de inspira\u0163ie pentru to\u0163i cei care sunt \u00een c\u0103utare de lucruri frumoase \u015fi curate, nobile \u015fi \u00een\u0103l\u0163\u0103toare, care doresc s\u0103 \u00een\u0163eleag\u0103 mai bine mesajul de dragoste al lui Dumnezeu pentru ei \u015fi s\u0103 afle cum pot fi ferici\u0163i nu doar \u00een aceast\u0103 via\u0163\u0103, ci pentru \u00eentreaga ve\u015fnicie.<\/span><\/td>\n<\/tr>\n<\/tbody>\n<\/table>\n<table style=\"width: 601px\" border=\"0\" cellspacing=\"2\" cellpadding=\"2\">\n<tbody>\n<tr>\n<td valign=\"top\"><a href=\"https:\/\/intercer.net\/blogs\/egwhiteaudio\/files\/2011\/03\/HLL-minicover.jpg\"><img loading=\"lazy\" decoding=\"async\" class=\"alignleft size-thumbnail wp-image-259\" src=\"https:\/\/intercer.net\/blogs\/egwhiteaudio\/files\/2011\/03\/HLL-minicover-e1305133648804-150x150.jpg\" alt=\"\" width=\"100\" height=\"100\" \/><\/a><\/td>\n<td valign=\"top\"><img loading=\"lazy\" decoding=\"async\" class=\"alignleft\" src=\"https:\/\/intercer.net\/blogs\/egwhiteaudio\/files\/2009\/11\/2.jpg\" alt=\"2\" width=\"7\" height=\"100\" \/><\/td>\n<td valign=\"top\"><span style=\"font-size: medium\"><span style=\"color: #d01f26\"><strong><a href=\"https:\/\/intercer.net\/blogs\/egwhiteaudio\/asculta\/hristos-lumina-lumii\">HRISTOS LUMINA LUMII \/ Via\u0163a lui Iisus<\/a><\/strong><\/span><\/span><br \/>\n<span style=\"line-height: 13px\">Hristos locuise \u00een lume 33 de ani. El suferise dispre\u0163ul, insultele \u015fi batjocura ei, fusese lep\u0103dat \u015fi r\u0103stignit. Acum, c\u00e2nd era gata sa Se \u00eenal\u0163e la tronul slavei Sale, vedea din nou nerecuno\u015ftin\u0163a oamenilor pe care venise s\u0103-i salveze. Nu cumva \u00ce\u015fi va retrage de la ei simpatia \u015fi iubirea Sa? Nu cumva afec\u0163iunea Sa va fi concentrat\u0103 asupra acelui loc unde El este pre\u0163uit \u015fi unde \u00eengeri nevionova\u0163i a\u015fteapt\u0103 s\u0103 fac\u0103 ce le spune? Nu! F\u0103g\u0103duin\u0163a Sa pentru cei iubi\u0163i, pe care-i las\u0103 pe p\u0103m\u00e2nt este: &#8222;\u015ei iat\u0103 c\u0103 Eu sunt cu voi \u00een toate zilele, p\u00e2n\u0103 la sf\u00e2r\u015fitul veacului&#8221; (Mat 28,20).<\/span>.<\/td>\n<\/tr>\n<\/tbody>\n<\/table>\n<table style=\"width: 601px\" border=\"0\" cellspacing=\"2\" cellpadding=\"2\">\n<tbody>\n<tr>\n<td valign=\"top\"><a href=\"https:\/\/intercer.net\/blogs\/egwhiteaudio\/files\/2011\/03\/FA-mini.jpg\"><img loading=\"lazy\" decoding=\"async\" class=\"alignleft size-thumbnail wp-image-293\" src=\"https:\/\/intercer.net\/blogs\/egwhiteaudio\/files\/2011\/03\/FA-mini-e1305560829211-150x150.jpg\" alt=\"\" width=\"100\" height=\"100\" \/><\/a><\/td>\n<td valign=\"top\"><img loading=\"lazy\" decoding=\"async\" class=\"alignleft\" src=\"https:\/\/intercer.net\/blogs\/egwhiteaudio\/files\/2009\/11\/1.jpg\" alt=\"1\" width=\"7\" height=\"100\" \/><\/td>\n<td valign=\"top\"><span style=\"color: #d01f26;font-size: medium\"><strong><a href=\"https:\/\/intercer.net\/blogs\/egwhiteaudio\/asculta\/istoria-faptelor-apostolilor\">ISTORIA FAPTELOR APOSTOLILOR<br \/>\n<\/a><\/strong><\/span><span style=\"line-height: 13px\">Una dintre ultimele c\u0103r\u0163i ale autoarei, publicat\u0103 cu c\u00e2\u0163iva ani mai \u00eenainte de moartea sa. Acesta este al cincilea volum al ciclului &#8222;Conflictul veacurilor&#8221; alcatuit din c\u0103r\u0163ile: HLL, TV, PR, PR \u015fi FA O comoar\u0103 inepuizabil\u0103 de adev\u0103r dumnezeiesc, prin care cititorul poate cunoa\u015fte \u015fi retr\u0103i evenimentele deosebit de str\u0103lucite din prima biseric\u0103 cre\u015ftin\u0103 \u015fi, \u00een acela\u015fi timp, poate fi ocrotit de subtilele \u00een\u015fel\u0103ciuni ale vr\u0103jma\u015fului sufletelor, fiind astfel inspirat \u015fi \u00eent\u0103rit ca, prin activitatea \u015fi via\u0163a sa, s\u0103 completeze, \u00een aceast\u0103 genera\u0163ie, raportul ceresc al Faptelor Apostolilor, al glorioaselor expereien\u0163e \u00een slujba lui Dumnezeu \u015fi a Evangheliei Sale.<\/span><span style=\"line-height: 13px\"> . <\/span><\/td>\n<\/tr>\n<\/tbody>\n<\/table>\n<table style=\"width: 601px\" border=\"0\" cellspacing=\"2\" cellpadding=\"2\">\n<tbody>\n<tr>\n<td valign=\"top\"><a href=\"https:\/\/intercer.net\/blogs\/egwhiteaudio\/files\/2009\/11\/IM-mini.jpg\"><img loading=\"lazy\" decoding=\"async\" class=\"alignleft size-thumbnail wp-image-297\" src=\"https:\/\/intercer.net\/blogs\/egwhiteaudio\/files\/2009\/11\/IM-mini-e1305558030978-150x150.jpg\" alt=\"\" width=\"100\" height=\"100\" \/><\/a><\/td>\n<td valign=\"top\"><img loading=\"lazy\" decoding=\"async\" class=\"alignleft\" src=\"https:\/\/intercer.net\/blogs\/egwhiteaudio\/files\/2009\/11\/2.jpg\" alt=\"2\" width=\"7\" height=\"100\" \/><\/td>\n<td style=\"text-align: left\" valign=\"top\"><span style=\"font-size: medium\"><span style=\"color: #d01f26\"><strong><a href=\"https:\/\/intercer.net\/blogs\/egwhiteaudio\/asculta\/istoria-mantuirii\">ISTORIA M\u00c2NTUIRII<\/a><\/strong><\/span><\/span> (carte \u00een lucru)<br \/>\n<span style=\"line-height: 13px\">Aceast\u0103 carte este \u00eentemeiat\u0103 pe tema biblic\u0103 a luptei de veacuri dintre bine \u015fi r\u0103u, dintre Dumnezeu \u015fi Satana pentru a lua \u00een st\u0103p\u00e2nire voin\u0163a \u015fi destinul omului. Aici este o retrospectiv\u0103 a istoriei cre\u0103rii omului, a c\u0103derii lui \u00een p\u0103cat \u015fi , de asemenea, a intruziunii vr\u0103jma\u015fului lui Dumnezeu care a inspirat r\u0103zboaiele \u015fi a instigat nelegiuirea, suferin\u0163a \u015fi tragedia universal\u0103, dar \u015fi a interven\u0163iei lui Dumnezeu pentru salvare. Subiectul central al c\u0103r\u0163ii este m\u00e2ntuirea omului, s\u0103v\u00e2r\u015fit\u0103 de Domnul Hristos pe cruce.<\/span><\/td>\n<\/tr>\n<\/tbody>\n<\/table>\n<table style=\"width: 601px\" border=\"0\" cellspacing=\"2\" cellpadding=\"2\">\n<tbody>\n<tr>\n<td valign=\"top\"><a href=\"https:\/\/intercer.net\/blogs\/egwhiteaudio\/files\/2009\/11\/SV-mini.jpg\"><img loading=\"lazy\" decoding=\"async\" class=\"alignleft size-thumbnail wp-image-296\" src=\"https:\/\/intercer.net\/blogs\/egwhiteaudio\/files\/2009\/11\/SV-mini-150x150.jpg\" alt=\"\" width=\"100\" height=\"100\" \/><\/a><\/td>\n<td valign=\"top\"><img loading=\"lazy\" decoding=\"async\" class=\"alignleft size-full wp-image-90\" src=\"https:\/\/intercer.net\/blogs\/egwhiteaudio\/files\/2009\/11\/2.jpg\" alt=\"2\" width=\"7\" height=\"100\" \/><\/td>\n<td valign=\"top\"><span style=\"color: #d01f26;font-size: medium\"><strong><a href=\"https:\/\/intercer.net\/blogs\/egwhiteaudio\/asculta\/sfintirea-vietii\"><br \/>\nSFIN\u0162IREA VIE\u0162II<\/a><\/strong><\/span>&nbsp;<\/p>\n<p><span style=\"line-height: 13px\">&#8222;Dumnezeul p\u0103cii s\u0103 v\u0103 sfin\u0163easc\u0103 El \u00eensu\u015fi pe deplin \u015fi duhul vostru, sufletul vostru \u015fi trupul vostru, s\u0103 fie p\u0103zite \u00eentregi, f\u0103r\u0103 prihan\u0103 la venirea Domnului nostru Isus Hristos&#8221; 1Tes 5.23<\/span><\/p>\n<p>&nbsp;<\/td>\n<\/tr>\n<\/tbody>\n<\/table>\n","protected":false},"excerpt":{"rendered":"<p>Aici pute\u0163i asculta fi\u015fierele audio corespunz\u0103toare unora dintre c\u0103r\u0163ile scrise de Ellen G. White. Fi\u015fierele audio sunt preg\u0103tite de Gaius Maximus Rom\u00e2nia. Proiect de internet realizat de Intercer www.intercer.net Car\u0163ile respective pot fi procurate de la Editura &#8222;Via\u0163\u0103 \u015fi S\u0103n\u0103tate&#8221;, Bucure\u015fti. Important: Puteti pune link-uri catre acest website, https:\/\/intercer.net\/blogs\/egwhiteaudio\/. Nu este permisa copierea continutului acestui [&hellip;]<\/p>\n","protected":false},"author":5,"featured_media":0,"parent":0,"menu_order":0,"comment_status":"closed","ping_status":"closed","template":"","meta":{"_monsterinsights_skip_tracking":false,"_monsterinsights_sitenote_active":false,"_monsterinsights_sitenote_note":"","_monsterinsights_sitenote_category":0,"footnotes":""},"class_list":["post-8","page","type-page","status-publish","hentry"],"_links":{"self":[{"href":"https:\/\/intercer.net\/blogs\/egwhiteaudio\/wp-json\/wp\/v2\/pages\/8","targetHints":{"allow":["GET"]}}],"collection":[{"href":"https:\/\/intercer.net\/blogs\/egwhiteaudio\/wp-json\/wp\/v2\/pages"}],"about":[{"href":"https:\/\/intercer.net\/blogs\/egwhiteaudio\/wp-json\/wp\/v2\/types\/page"}],"author":[{"embeddable":true,"href":"https:\/\/intercer.net\/blogs\/egwhiteaudio\/wp-json\/wp\/v2\/users\/5"}],"replies":[{"embeddable":true,"href":"https:\/\/intercer.net\/blogs\/egwhiteaudio\/wp-json\/wp\/v2\/comments?post=8"}],"version-history":[{"count":0,"href":"https:\/\/intercer.net\/blogs\/egwhiteaudio\/wp-json\/wp\/v2\/pages\/8\/revisions"}],"wp:attachment":[{"href":"https:\/\/intercer.net\/blogs\/egwhiteaudio\/wp-json\/wp\/v2\/media?parent=8"}],"curies":[{"name":"wp","href":"https:\/\/api.w.org\/{rel}","templated":true}]}}