{"id":2,"date":"2010-07-07T19:46:02","date_gmt":"2010-07-07T19:46:02","guid":{"rendered":"http:\/\/intercer.net\/blogs\/istoric\/?page_id=2"},"modified":"2011-02-04T12:52:16","modified_gmt":"2011-02-04T20:52:16","slug":"despre","status":"publish","type":"page","link":"https:\/\/intercer.net\/blogs\/istoric\/despre","title":{"rendered":"despre"},"content":{"rendered":"<h4>Scopul Istoricului Intercer<\/h4>\n<p>Acest website \u00ee\u0219i propune s\u0103 adune laolalt\u0103 informa\u021bii, fotografii \u0219i  resurse audio-video despre lucrarea de internet \u00eenceput\u0103 de Intercer \u00een 1997.<\/p>\n<p>\u00cenceput\u0103 ca o lucrare de pionierat \u00een Biserica Adventist\u0103 din Romania, Intercer a deschis drumul multor altor website-uri cre\u0219tine,  ajut\u00e2nd la circula\u021bia informa\u021biei, oferind suport tehnic \u0219i educa\u021bie web. Au fost realizate colabor\u0103ri multiple \u0219i mul\u021bi tineri au fost implica\u021bi \u00een acest tip de activitate benefic\u0103 pentru biseric\u0103, c\u00e2t \u0219i pentru dezvoltarea personal\u0103.<\/p>\n<p>Intercer r\u0103m\u00e2ne un punct de reper \u00een lumea cre\u0219tin\u0103 rom\u00e2neasc\u0103, fiind \u00een mod constant printre primele 10 site-uri cre\u0219tine din Romania (trafic.ro), precum \u0219i cel mai popular website adventist rom\u00e2nesc.<\/p>\n<p>Citi\u021bi pentru \u00eenceput <a href=\"https:\/\/intercer.net\/blogs\/istoric\/social\/scurt-istoric-al-lucrarii-de-internet-adventiste-romanesti.html\" target=\"_top\">&#8222;Scurt istoric&#8221;<\/a>.<\/p>\n<h4>Cum s\u0103 naviga\u021bi pe aceste website<\/h4>\n<p>Pute\u021bi reg\u0103si articolele prin vizitarea pe ani sau pe pagini, sau prin c\u0103utarea acestora \u00een casu\u021ba din dreapta sus, a\u0219a cum vede\u021bi \u00een imaginile de mai jos.<\/p>\n<p><img loading=\"lazy\" decoding=\"async\" class=\"alignnone size-full wp-image-1601\" title=\"istoric-intercer-cautare-prin-website\" src=\"https:\/\/intercer.net\/blogs\/istoric\/files\/2010\/07\/istoric-intercer-cautare-prin-website.png\" alt=\"\" width=\"250\" height=\"216\" \/><\/p>\n<p><strong>Vizitare pe ani<\/strong><\/p>\n<p><img loading=\"lazy\" decoding=\"async\" class=\"alignnone size-full wp-image-1603\" title=\"istoric-intercer-vizitare-pe-ani\" src=\"https:\/\/intercer.net\/blogs\/istoric\/files\/2010\/07\/istoric-intercer-vizitare-pe-ani.png\" alt=\"\" width=\"550\" height=\"156\" srcset=\"https:\/\/intercer.net\/blogs\/istoric\/files\/2010\/07\/istoric-intercer-vizitare-pe-ani.png 550w, https:\/\/intercer.net\/blogs\/istoric\/files\/2010\/07\/istoric-intercer-vizitare-pe-ani-300x85.png 300w\" sizes=\"auto, (max-width: 550px) 100vw, 550px\" \/><\/p>\n<p><strong>Vizitare pe pagini<\/strong> (pagina\u021bia apare at\u00e2t \u00een susul, c\u00e2t \u0219i \u00een josul paginilor)<\/p>\n<p><img loading=\"lazy\" decoding=\"async\" class=\"alignnone size-full wp-image-1604\" title=\"istoric-intercer-vizitare-pe-pagini\" src=\"https:\/\/intercer.net\/blogs\/istoric\/files\/2010\/07\/istoric-intercer-vizitare-pe-pagini.png\" alt=\"\" width=\"550\" height=\"86\" srcset=\"https:\/\/intercer.net\/blogs\/istoric\/files\/2010\/07\/istoric-intercer-vizitare-pe-pagini.png 550w, https:\/\/intercer.net\/blogs\/istoric\/files\/2010\/07\/istoric-intercer-vizitare-pe-pagini-300x46.png 300w\" sizes=\"auto, (max-width: 550px) 100vw, 550px\" \/><\/p>\n","protected":false},"excerpt":{"rendered":"<p>Scopul Istoricului Intercer Acest website \u00ee\u0219i propune s\u0103 adune laolalt\u0103 informa\u021bii, fotografii \u0219i resurse audio-video despre lucrarea de internet \u00eenceput\u0103 de Intercer \u00een 1997. \u00cenceput\u0103 ca o lucrare de pionierat \u00een Biserica Adventist\u0103 din Romania, Intercer a deschis drumul multor altor website-uri cre\u0219tine, ajut\u00e2nd la circula\u021bia informa\u021biei, oferind suport tehnic \u0219i educa\u021bie web. Au fost realizate colabor\u0103ri multiple \u0219i mul\u021bi &hellip; <a href=\"https:\/\/intercer.net\/blogs\/istoric\/despre\"><\/p>\n<div class=\"mmore\">Cite\u015fte \u00een continuare &rarr;<\/div>\n<p><\/a><\/p>\n","protected":false},"author":2,"featured_media":0,"parent":0,"menu_order":0,"comment_status":"closed","ping_status":"closed","template":"","meta":{"_monsterinsights_skip_tracking":false,"_monsterinsights_sitenote_active":false,"_monsterinsights_sitenote_note":"","_monsterinsights_sitenote_category":0,"footnotes":""},"class_list":["post-2","page","type-page","status-publish","hentry"],"_links":{"self":[{"href":"https:\/\/intercer.net\/blogs\/istoric\/wp-json\/wp\/v2\/pages\/2","targetHints":{"allow":["GET"]}}],"collection":[{"href":"https:\/\/intercer.net\/blogs\/istoric\/wp-json\/wp\/v2\/pages"}],"about":[{"href":"https:\/\/intercer.net\/blogs\/istoric\/wp-json\/wp\/v2\/types\/page"}],"author":[{"embeddable":true,"href":"https:\/\/intercer.net\/blogs\/istoric\/wp-json\/wp\/v2\/users\/2"}],"replies":[{"embeddable":true,"href":"https:\/\/intercer.net\/blogs\/istoric\/wp-json\/wp\/v2\/comments?post=2"}],"version-history":[{"count":0,"href":"https:\/\/intercer.net\/blogs\/istoric\/wp-json\/wp\/v2\/pages\/2\/revisions"}],"wp:attachment":[{"href":"https:\/\/intercer.net\/blogs\/istoric\/wp-json\/wp\/v2\/media?parent=2"}],"curies":[{"name":"wp","href":"https:\/\/api.w.org\/{rel}","templated":true}]}}