{"id":2,"date":"2009-06-27T21:54:19","date_gmt":"2009-06-28T02:54:19","guid":{"rendered":""},"modified":"2010-05-31T04:00:13","modified_gmt":"2010-05-31T09:00:13","slug":"despre","status":"publish","type":"page","link":"https:\/\/intercer.net\/blogs\/studiibiblice\/despre","title":{"rendered":"Despre"},"content":{"rendered":"<p>E u\u015for s\u0103 cite\u015fti. Din aceast\u0103 cauz\u0103, \u00ee\u0163i propunem s\u0103 studiezi.<br \/>\n\u0162ine tot de natura cititului, doar c\u0103 e pu\u0163in mai greu.<\/p>\n<p>Suntem convin\u015fi c\u0103 articolele \u015fi studiile de pe site o s\u0103 te ajute pentru ca via\u0163a ta spiritual\u0103 s\u0103 \u00ee\u015fi re\u00eentregeasc\u0103 conturul.<\/p>\n<p><strong>Sursa acestor studii<\/strong>: <strong><a title=\"Amazing Facts\" href=\"http:\/\/www.amazingfacts.org\" target=\"_blank\">Amazing Facts<\/a><\/strong><\/p>\n<p style=\"text-align: center\"><a title=\"Amazing Facts - Christian Media Ministry\" href=\"http:\/\/www.amazingfacts.org\" target=\"_blank\"><img loading=\"lazy\" decoding=\"async\" class=\"size-full wp-image-191 aligncenter\" src=\"https:\/\/intercer.net\/blogs\/studiibiblice\/files\/2009\/06\/amazing-facts-logo.jpg\" alt=\"amazing-facts-logo\" width=\"162\" height=\"49\" \/><\/a><\/p>\n<p style=\"text-align: left\">Materialele sunt folosite cu permisiunea Amazing Facts. Brosurile se pot citi integral pe site-ul AmazingFacts.org .<\/p>\n<p style=\"text-align: left\"><strong>Traducere in limba romana<\/strong>: echipa Intercer, coordonata de Madry Masca; revizuire materiale: pastor  Ion Buciuman<\/p>\n<p style=\"text-align: center\"><a title=\"Intercer - Resurse Crestine Romanesti Gratuite\" href=\"http:\/\/www.intercer.net\" target=\"_blank\"><img loading=\"lazy\" decoding=\"async\" class=\"size-full wp-image-193 aligncenter\" src=\"https:\/\/intercer.net\/blogs\/studiibiblice\/files\/2009\/06\/intercer.jpg\" alt=\"intercer\" width=\"162\" height=\"49\" \/><\/a><\/p>\n<p>Fii pe faz\u0103 \u015fi viziteaz\u0103-ne des, pentru ca s\u0103 fii inspirat, s\u0103 descoperi \u015fi s\u0103 studiezi din Cuv\u00e2ntul lui Dumnezeu.<\/p>\n","protected":false},"excerpt":{"rendered":"<p>E u\u015for s\u0103 cite\u015fti. Din aceast\u0103 cauz\u0103, \u00ee\u0163i propunem s\u0103 studiezi. \u0162ine tot de natura cititului, doar c\u0103 e pu\u0163in mai greu. Suntem convin\u015fi c\u0103 articolele \u015fi studiile de pe site o s\u0103 te ajute pentru ca via\u0163a ta spiritual\u0103 s\u0103 \u00ee\u015fi re\u00eentregeasc\u0103 conturul. Sursa acestor studii: Amazing Facts Materialele sunt folosite cu permisiunea Amazing [&hellip;]<\/p>\n","protected":false},"author":5,"featured_media":0,"parent":0,"menu_order":0,"comment_status":"closed","ping_status":"closed","template":"","meta":{"_monsterinsights_skip_tracking":false,"_monsterinsights_sitenote_active":false,"_monsterinsights_sitenote_note":"","_monsterinsights_sitenote_category":0,"footnotes":""},"class_list":["post-2","page","type-page","status-publish","hentry"],"_links":{"self":[{"href":"https:\/\/intercer.net\/blogs\/studiibiblice\/wp-json\/wp\/v2\/pages\/2","targetHints":{"allow":["GET"]}}],"collection":[{"href":"https:\/\/intercer.net\/blogs\/studiibiblice\/wp-json\/wp\/v2\/pages"}],"about":[{"href":"https:\/\/intercer.net\/blogs\/studiibiblice\/wp-json\/wp\/v2\/types\/page"}],"author":[{"embeddable":true,"href":"https:\/\/intercer.net\/blogs\/studiibiblice\/wp-json\/wp\/v2\/users\/5"}],"replies":[{"embeddable":true,"href":"https:\/\/intercer.net\/blogs\/studiibiblice\/wp-json\/wp\/v2\/comments?post=2"}],"version-history":[{"count":0,"href":"https:\/\/intercer.net\/blogs\/studiibiblice\/wp-json\/wp\/v2\/pages\/2\/revisions"}],"wp:attachment":[{"href":"https:\/\/intercer.net\/blogs\/studiibiblice\/wp-json\/wp\/v2\/media?parent=2"}],"curies":[{"name":"wp","href":"https:\/\/api.w.org\/{rel}","templated":true}]}}