{"id":667,"date":"2009-08-06T05:30:06","date_gmt":"2009-08-06T10:30:06","guid":{"rendered":"http:\/\/intercer.net\/blogs\/studiibiblice\/?page_id=667"},"modified":"2010-05-31T14:31:03","modified_gmt":"2010-05-31T19:31:03","slug":"descarca","status":"publish","type":"page","link":"https:\/\/intercer.net\/blogs\/studiibiblice\/descarca","title":{"rendered":"Descarc\u0103"},"content":{"rendered":"<p>Aici po\u0163i desc\u0103rca studiile \u00een format .pdf\u00a0 <a href=\"http:\/\/adobe.com\" target=\"blank\"><img loading=\"lazy\" decoding=\"async\" class=\"size-full wp-image-670 alignnone\" src=\"https:\/\/intercer.net\/blogs\/studiibiblice\/files\/2009\/08\/pdf.gif\" alt=\"pdf\" width=\"16\" height=\"16\" \/><\/a><br \/>\nMult succes \u00een studiu.<\/p>\n<p>Studiile biblice &#8220;Subiecte uimitoare&#8221; sunt oferite de Amazing Facts (<a href=\"http:\/\/www.amazingfacts.org\/\">www.amazingfacts.org<\/a> ) si sunt traduse in limba romana de Editura Zappy&#8217;s, Campina  ( <a href=\"mailto:zappys@gmail.com\">zappys@gmail.com<\/a> ). Puteti gasi aceste studii in limba romana si in alte limbi la aceste adrese:<\/p>\n<p><a title=\"Amazing Facts - Study guides and other bible studies\" href=\"http:\/\/www.amazingfacts.org\/FreeStuff\/BibleStudies\/StudyGuides\/tabid\/105\/Default.aspx\" target=\"_blank\">Amazing Facts &#8211; Study Guides<\/a><\/p>\n<p><a title=\"Bible Study Tools - Bible Universe\" href=\"http:\/\/www.bibleuniverse.com\/study-tools\/bible-study-guides\/english.aspx\" target=\"_blank\">Bible Universe &#8211; Study Tools<\/a><\/p>\n<hr \/>\n<table style=\"width: 467px;height: 365px\" border=\"0\">\n<tbody>\n<tr valign=\"top\">\n<td><a href=\"https:\/\/intercer.net\/blogs\/studiibiblice\/files\/2009\/08\/subiecte_uimitoare_01.pdf\">Subiecte uimitoare #1<\/a><\/p>\n<p><a href=\"https:\/\/intercer.net\/blogs\/studiibiblice\/files\/2009\/08\/subiecte_uimitoare_02.pdf\">Subiecte uimitoare #2<\/a><\/p>\n<p><a href=\"https:\/\/intercer.net\/blogs\/studiibiblice\/files\/2009\/08\/subiecte_uimitoare_03.pdf\">Subiecte uimitoare #3<\/a><\/p>\n<p><a href=\"https:\/\/intercer.net\/blogs\/studiibiblice\/files\/2009\/08\/subiecte_uimitoare_04.pdf\">Subiecte uimitoare #4<\/a><\/p>\n<p><a href=\"https:\/\/intercer.net\/blogs\/studiibiblice\/files\/2009\/08\/subiecte_uimitoare_05.pdf\">Subiecte uimitoare #5<\/a><\/p>\n<p><a href=\"https:\/\/intercer.net\/blogs\/studiibiblice\/files\/2009\/08\/subiecte_uimitoare_06.pdf\">Subiecte uimitoare #6<\/a><\/p>\n<p><a href=\"https:\/\/intercer.net\/blogs\/studiibiblice\/files\/2009\/08\/subiecte_uimitoare_07.pdf\">Subiecte uimitoare #7<\/a><\/p>\n<p><a href=\"https:\/\/intercer.net\/blogs\/studiibiblice\/files\/2009\/08\/subiecte_uimitoare_08.pdf\">Subiecte uimitoare #8<\/a><\/p>\n<p><a href=\"https:\/\/intercer.net\/blogs\/studiibiblice\/files\/2009\/08\/subiecte_uimitoare_09.pdf\">Subiecte uimitoare #9<\/a><\/p>\n<p><a href=\"https:\/\/intercer.net\/blogs\/studiibiblice\/files\/2009\/08\/subiecte_uimitoare_10.pdf\">Subiecte uimitoare #10<\/a><\/p>\n<p><a href=\"https:\/\/intercer.net\/blogs\/studiibiblice\/files\/2009\/08\/subiecte_uimitoare_11.pdf\">Subiecte uimitoare #11<\/a><\/p>\n<p><a href=\"https:\/\/intercer.net\/blogs\/studiibiblice\/files\/2009\/08\/subiecte_uimitoare_12.pdf\">Subiecte uimitoare #12<\/a><\/p>\n<p><a href=\"https:\/\/intercer.net\/blogs\/studiibiblice\/files\/2009\/08\/subiecte_uimitoare_13.pdf\">Subiecte uimitoare #13<\/a><\/p>\n<p><a href=\"https:\/\/intercer.net\/blogs\/studiibiblice\/files\/2009\/08\/subiecte_uimitoare_14.pdf\">Subiecte uimitoare #14<\/a><\/td>\n<td><a href=\"https:\/\/intercer.net\/blogs\/studiibiblice\/files\/2009\/08\/subiecte_uimitoare_15.pdf\">Subiecte uimitoare #15<\/a><\/p>\n<p><a href=\"https:\/\/intercer.net\/blogs\/studiibiblice\/files\/2009\/08\/subiecte_uimitoare_16.pdf\">Subiecte uimitoare #16<\/a><\/p>\n<p><a href=\"https:\/\/intercer.net\/blogs\/studiibiblice\/files\/2009\/08\/subiecte_uimitoare_17.pdf\">Subiecte uimitoare #17<\/a><\/p>\n<p><a href=\"https:\/\/intercer.net\/blogs\/studiibiblice\/files\/2009\/08\/subiecte_uimitoare_18.pdf\">Subiecte uimitoare #18<\/a><\/p>\n<p><a href=\"https:\/\/intercer.net\/blogs\/studiibiblice\/files\/2009\/08\/subiecte_uimitoare_19.pdf\">Subiecte uimitoare #19<\/a><\/p>\n<p><a href=\"https:\/\/intercer.net\/blogs\/studiibiblice\/files\/2009\/08\/subiecte_uimitoare_20.pdf\">Subiecte uimitoare #20<\/a><\/p>\n<p><a href=\"https:\/\/intercer.net\/blogs\/studiibiblice\/files\/2009\/08\/subiecte_uimitoare_21.pdf\">Subiecte uimitoare #21<\/a><\/p>\n<p><a href=\"https:\/\/intercer.net\/blogs\/studiibiblice\/files\/2009\/08\/subiecte_uimitoare_22.pdf\">Subiecte uimitoare #22<\/a><\/p>\n<p><a href=\"https:\/\/intercer.net\/blogs\/studiibiblice\/files\/2009\/08\/subiecte_uimitoare_23.pdf\">Subiecte uimitoare #23<\/a><\/p>\n<p><a href=\"https:\/\/intercer.net\/blogs\/studiibiblice\/files\/2009\/08\/subiecte_uimitoare_24.pdf\">Subiecte uimitoare #24<\/a><\/p>\n<p><a href=\"https:\/\/intercer.net\/blogs\/studiibiblice\/files\/2009\/08\/subiecte_uimitoare_25.pdf\">Subiecte uimitoare #25<\/a><\/p>\n<p><a href=\"https:\/\/intercer.net\/blogs\/studiibiblice\/files\/2009\/08\/subiecte_uimitoare_26.pdf\">Subiecte uimitoare #26<\/a><\/p>\n<p><a href=\"https:\/\/intercer.net\/blogs\/studiibiblice\/files\/2009\/08\/subiecte_uimitoare_27.pdf\">Subiecte uimitoare #27<\/a><\/td>\n<\/tr>\n<\/tbody>\n<\/table>\n","protected":false},"excerpt":{"rendered":"<p>Aici po\u0163i desc\u0103rca studiile \u00een format .pdf\u00a0 Mult succes \u00een studiu. Studiile biblice &#8220;Subiecte uimitoare&#8221; sunt oferite de Amazing Facts (www.amazingfacts.org ) si sunt traduse in limba romana de Editura Zappy&#8217;s, Campina ( zappys@gmail.com ). Puteti gasi aceste studii in limba romana si in alte limbi la aceste adrese: Amazing Facts &#8211; Study Guides Bible [&hellip;]<\/p>\n","protected":false},"author":5,"featured_media":0,"parent":0,"menu_order":0,"comment_status":"closed","ping_status":"closed","template":"","meta":{"_monsterinsights_skip_tracking":false,"_monsterinsights_sitenote_active":false,"_monsterinsights_sitenote_note":"","_monsterinsights_sitenote_category":0,"ngg_post_thumbnail":0,"footnotes":""},"class_list":["post-667","page","type-page","status-publish","hentry"],"_links":{"self":[{"href":"https:\/\/intercer.net\/blogs\/studiibiblice\/wp-json\/wp\/v2\/pages\/667","targetHints":{"allow":["GET"]}}],"collection":[{"href":"https:\/\/intercer.net\/blogs\/studiibiblice\/wp-json\/wp\/v2\/pages"}],"about":[{"href":"https:\/\/intercer.net\/blogs\/studiibiblice\/wp-json\/wp\/v2\/types\/page"}],"author":[{"embeddable":true,"href":"https:\/\/intercer.net\/blogs\/studiibiblice\/wp-json\/wp\/v2\/users\/5"}],"replies":[{"embeddable":true,"href":"https:\/\/intercer.net\/blogs\/studiibiblice\/wp-json\/wp\/v2\/comments?post=667"}],"version-history":[{"count":0,"href":"https:\/\/intercer.net\/blogs\/studiibiblice\/wp-json\/wp\/v2\/pages\/667\/revisions"}],"wp:attachment":[{"href":"https:\/\/intercer.net\/blogs\/studiibiblice\/wp-json\/wp\/v2\/media?parent=667"}],"curies":[{"name":"wp","href":"https:\/\/api.w.org\/{rel}","templated":true}]}}